{"id":36,"date":"2024-02-07T16:32:06","date_gmt":"2024-02-07T15:32:06","guid":{"rendered":"https:\/\/marie-tattoo-studio.com\/index.php\/home\/"},"modified":"2024-06-21T14:06:57","modified_gmt":"2024-06-21T12:06:57","slug":"accueil","status":"publish","type":"page","link":"https:\/\/marie-tattoo-studio.com\/","title":{"rendered":"Accueil"},"content":{"rendered":"\t\t<div data-elementor-type=\"wp-page\" data-elementor-id=\"36\" class=\"elementor elementor-36\">\n\t\t\t\t<div class=\"elementor-element elementor-element-d5cfde3 e-flex e-con-boxed wpr-particle-no wpr-jarallax-no wpr-parallax-no wpr-sticky-section-no wpr-equal-height-no e-con e-parent\" data-id=\"d5cfde3\" data-element_type=\"container\" data-settings=\"{&quot;background_background&quot;:&quot;classic&quot;}\">\n\t\t\t\t\t<div class=\"e-con-inner\">\n\t\t\t\t<div class=\"elementor-element elementor-element-3ecd55be elementor-invisible elementor-widget elementor-widget-heading\" data-id=\"3ecd55be\" data-element_type=\"widget\" data-settings=\"{&quot;_animation&quot;:&quot;fadeIn&quot;}\" data-widget_type=\"heading.default\">\n\t\t\t\t<div class=\"elementor-widget-container\">\n\t\t\t\t\t<h1 class=\"elementor-heading-title elementor-size-default\">Marie Tattoo Studio<\/h1>\t\t\t\t<\/div>\n\t\t\t\t<\/div>\n\t\t\t\t<div class=\"elementor-element elementor-element-32b3f1bc elementor-invisible elementor-widget elementor-widget-heading\" data-id=\"32b3f1bc\" data-element_type=\"widget\" data-settings=\"{&quot;_animation&quot;:&quot;fadeIn&quot;}\" data-widget_type=\"heading.default\">\n\t\t\t\t<div class=\"elementor-widget-container\">\n\t\t\t\t\t<h5 class=\"elementor-heading-title elementor-size-default\">Organise votre voyage !<\/h5>\t\t\t\t<\/div>\n\t\t\t\t<\/div>\n\t\t\t\t<div class=\"elementor-element elementor-element-2a921c06 elementor-align-center elementor-invisible elementor-widget elementor-widget-button\" data-id=\"2a921c06\" data-element_type=\"widget\" data-settings=\"{&quot;_animation&quot;:&quot;fadeIn&quot;,&quot;_animation_delay&quot;:400}\" data-widget_type=\"button.default\">\n\t\t\t\t<div class=\"elementor-widget-container\">\n\t\t\t\t\t\t\t\t\t<div class=\"elementor-button-wrapper\">\n\t\t\t\t\t<a class=\"elementor-button elementor-button-link elementor-size-sm\" href=\"\/index.php\/contact\/\">\n\t\t\t\t\t\t<span class=\"elementor-button-content-wrapper\">\n\t\t\t\t\t\t\t\t\t<span class=\"elementor-button-text\">Me Contacter<\/span>\n\t\t\t\t\t<\/span>\n\t\t\t\t\t<\/a>\n\t\t\t\t<\/div>\n\t\t\t\t\t\t\t\t<\/div>\n\t\t\t\t<\/div>\n\t\t\t\t\t<\/div>\n\t\t\t\t<\/div>\n\t\t<div class=\"elementor-element elementor-element-d4c7eb1 e-flex e-con-boxed wpr-particle-no wpr-jarallax-no wpr-parallax-no wpr-sticky-section-no wpr-equal-height-no e-con e-parent\" data-id=\"d4c7eb1\" data-element_type=\"container\" data-settings=\"{&quot;background_background&quot;:&quot;classic&quot;}\">\n\t\t\t\t\t<div class=\"e-con-inner\">\n\t\t\t\t<div class=\"elementor-element elementor-element-8982dc9 elementor-widget elementor-widget-heading\" data-id=\"8982dc9\" data-element_type=\"widget\" data-widget_type=\"heading.default\">\n\t\t\t\t<div class=\"elementor-widget-container\">\n\t\t\t\t\t<h2 class=\"elementor-heading-title elementor-size-default\">Pr\u00e9sentation<\/h2>\t\t\t\t<\/div>\n\t\t\t\t<\/div>\n\t\t\t\t\t<\/div>\n\t\t\t\t<\/div>\n\t\t<div class=\"elementor-element elementor-element-c3d000c e-flex e-con-boxed wpr-particle-no wpr-jarallax-no wpr-parallax-no wpr-sticky-section-no wpr-equal-height-no e-con e-parent\" data-id=\"c3d000c\" data-element_type=\"container\" data-settings=\"{&quot;background_background&quot;:&quot;classic&quot;}\">\n\t\t\t\t\t<div class=\"e-con-inner\">\n\t\t<div class=\"elementor-element elementor-element-fbeeddd e-con-full e-flex wpr-particle-no wpr-jarallax-no wpr-parallax-no wpr-sticky-section-no wpr-equal-height-no e-con e-child\" data-id=\"fbeeddd\" data-element_type=\"container\">\n\t\t\t\t<div class=\"elementor-element elementor-element-f82b9c3 elementor-widget elementor-widget-image\" data-id=\"f82b9c3\" data-element_type=\"widget\" data-widget_type=\"image.default\">\n\t\t\t\t<div class=\"elementor-widget-container\">\n\t\t\t\t\t\t\t\t\t\t\t\t\t\t\t<img fetchpriority=\"high\" decoding=\"async\" width=\"842\" height=\"532\" src=\"https:\/\/marie-tattoo-studio.com\/wp-content\/uploads\/2024\/06\/429792431_960399905500605_3100762511332119286_n-1.jpg\" class=\"attachment-full size-full wp-image-823\" alt=\"\" srcset=\"https:\/\/marie-tattoo-studio.com\/wp-content\/uploads\/2024\/06\/429792431_960399905500605_3100762511332119286_n-1.jpg 842w, https:\/\/marie-tattoo-studio.com\/wp-content\/uploads\/2024\/06\/429792431_960399905500605_3100762511332119286_n-1-300x190.jpg 300w, https:\/\/marie-tattoo-studio.com\/wp-content\/uploads\/2024\/06\/429792431_960399905500605_3100762511332119286_n-1-768x485.jpg 768w\" sizes=\"(max-width: 842px) 100vw, 842px\" \/>\t\t\t\t\t\t\t\t\t\t\t\t\t\t\t<\/div>\n\t\t\t\t<\/div>\n\t\t\t\t<\/div>\n\t\t<div class=\"elementor-element elementor-element-a3482be e-con-full e-flex wpr-particle-no wpr-jarallax-no wpr-parallax-no wpr-sticky-section-no wpr-equal-height-no e-con e-child\" data-id=\"a3482be\" data-element_type=\"container\">\n\t\t\t\t<div class=\"elementor-element elementor-element-b05a8cf elementor-widget elementor-widget-text-editor\" data-id=\"b05a8cf\" data-element_type=\"widget\" data-widget_type=\"text-editor.default\">\n\t\t\t\t<div class=\"elementor-widget-container\">\n\t\t\t\t\t\t\t\t\t<p>Depuis 2022, Marie Tattoo Studio vous accueille dans un home studio \u00e0 l\u2019ambiance cocooning, \u00e0 la Montagne en Loire-Atlantique. Ouvert uniquement sur RDV, du mardi au samedi, Marie vous accompagne de la r\u00e9alisation du dessin \u00e0 la cicatrisation, avec une approche personnalis\u00e9e et sur mesure, que votre projet soit minimaliste, floral, r\u00e9aliste, en noir ou en couleur. De plus, dans une dimension th\u00e9rapeutique tout en restant artistique, Marie vous propose le recouvrement de tatouage ainsi que de cicatrices.<\/p>\t\t\t\t\t\t\t\t<\/div>\n\t\t\t\t<\/div>\n\t\t\t\t<\/div>\n\t\t\t\t\t<\/div>\n\t\t\t\t<\/div>\n\t\t\t\t<\/div>\n\t\t","protected":false},"excerpt":{"rendered":"<p>Marie Tattoo Studio Organise votre voyage ! Me Contacter Pr\u00e9sentation Depuis 2022, Marie Tattoo Studio vous accueille dans un home studio \u00e0 l\u2019ambiance cocooning, \u00e0 la Montagne en Loire-Atlantique. Ouvert uniquement sur RDV, du mardi au samedi, Marie vous accompagne de la r\u00e9alisation du dessin \u00e0 la cicatrisation, avec une approche personnalis\u00e9e et sur mesure, que votre projet soit minimaliste, floral, r\u00e9aliste, en noir ou en couleur. De plus, dans une dimension th\u00e9rapeutique tout en restant artistique, Marie vous propose le recouvrement de tatouage ainsi que de cicatrices.<\/p>\n","protected":false},"author":1,"featured_media":0,"parent":0,"menu_order":0,"comment_status":"closed","ping_status":"closed","template":"elementor_header_footer","meta":{"footnotes":""},"blocksy_meta":[],"_links":{"self":[{"href":"https:\/\/marie-tattoo-studio.com\/index.php\/wp-json\/wp\/v2\/pages\/36"}],"collection":[{"href":"https:\/\/marie-tattoo-studio.com\/index.php\/wp-json\/wp\/v2\/pages"}],"about":[{"href":"https:\/\/marie-tattoo-studio.com\/index.php\/wp-json\/wp\/v2\/types\/page"}],"author":[{"embeddable":true,"href":"https:\/\/marie-tattoo-studio.com\/index.php\/wp-json\/wp\/v2\/users\/1"}],"replies":[{"embeddable":true,"href":"https:\/\/marie-tattoo-studio.com\/index.php\/wp-json\/wp\/v2\/comments?post=36"}],"version-history":[{"count":104,"href":"https:\/\/marie-tattoo-studio.com\/index.php\/wp-json\/wp\/v2\/pages\/36\/revisions"}],"predecessor-version":[{"id":922,"href":"https:\/\/marie-tattoo-studio.com\/index.php\/wp-json\/wp\/v2\/pages\/36\/revisions\/922"}],"wp:attachment":[{"href":"https:\/\/marie-tattoo-studio.com\/index.php\/wp-json\/wp\/v2\/media?parent=36"}],"curies":[{"name":"wp","href":"https:\/\/api.w.org\/{rel}","templated":true}]}}